{"id":4864,"date":"2019-05-07T13:45:34","date_gmt":"2019-05-07T11:45:34","guid":{"rendered":"https:\/\/automobile-club-sport-et-prestige.com\/?page_id=4864"},"modified":"2025-09-13T12:26:01","modified_gmt":"2025-09-13T10:26:01","slug":"suivre-le-rallye","status":"publish","type":"page","link":"https:\/\/castles-rally.com\/en\/suivre-le-rallye\/","title":{"rendered":"Follow the rally"},"content":{"rendered":"<div data-elementor-type=\"wp-post\" data-elementor-id=\"4864\" class=\"elementor elementor-4864\" data-elementor-post-type=\"page\">\n\t\t\t\t<!-- dce invisible element 3777223 -->\t\t<section class=\"elementor-section elementor-top-section elementor-element elementor-element-d5b55cb elementor-section-height-min-height elementor-section-full_width elementor-section-height-default elementor-section-items-middle\" data-id=\"d5b55cb\" data-element_type=\"section\" data-e-type=\"section\" data-settings=\"{&quot;background_background&quot;:&quot;classic&quot;}\">\n\t\t\t\t\t\t<div class=\"elementor-container elementor-column-gap-default\">\n\t\t\t\t\t<div class=\"elementor-column elementor-col-100 elementor-top-column elementor-element elementor-element-50fdc0a\" data-id=\"50fdc0a\" data-element_type=\"column\" data-e-type=\"column\">\n\t\t\t<div class=\"elementor-widget-wrap elementor-element-populated\">\n\t\t\t\t\t\t<div class=\"elementor-element elementor-element-6085104 elementor-widget elementor-widget-heading\" data-id=\"6085104\" data-element_type=\"widget\" data-e-type=\"widget\" data-widget_type=\"heading.default\">\n\t\t\t\t<div class=\"elementor-widget-container\">\n\t\t\t\t\t<h2 class=\"elementor-heading-title elementor-size-default\">Trac\u00e9 public de Castles Rally 2025<\/h2>\t\t\t\t<\/div>\n\t\t\t\t<\/div>\n\t\t\t\t<div class=\"elementor-element elementor-element-f157314 elementor-widget elementor-widget-text-editor\" data-id=\"f157314\" data-element_type=\"widget\" data-e-type=\"widget\" data-widget_type=\"text-editor.default\">\n\t\t\t\t<div class=\"elementor-widget-container\">\n\t\t\t\t\t\t\t\t\t<p>Comme promis, vous trouverez ci-dessous une partie du trac\u00e9 de Castles Rally 2025 ! Cet itin\u00e9raire sera emprunt\u00e9 par les 75 GT &amp; Supercars le Dimanche 14 Septembre 2025 \u00e0 partir de 14h30 !\u00a0<\/p>\t\t\t\t\t\t\t\t<\/div>\n\t\t\t\t<\/div>\n\t\t\t\t<div class=\"elementor-element elementor-element-b8b288d elementor-widget elementor-widget-html\" data-id=\"b8b288d\" data-element_type=\"widget\" data-e-type=\"widget\" data-widget_type=\"html.default\">\n\t\t\t\t<div class=\"elementor-widget-container\">\n\t\t\t\t\t<iframe src=\"https:\/\/www.google.com\/maps\/d\/embed?mid=1lIR-vlCMG6KC-0TGI5aa_wDr98HuEz0&ehbc=2E312F\" width=\"640\" height=\"480\"><\/iframe>\t\t\t\t<\/div>\n\t\t\t\t<\/div>\n\t\t\t\t\t<\/div>\n\t\t<\/div>\n\t\t\t\t\t<\/div>\n\t\t<\/section>\n\t\t\t\t<\/div>","protected":false},"excerpt":{"rendered":"<p>Il est trop t\u00f4t Le trac\u00e9 du rallye sera d\u00e9voil\u00e9 sur cette page 48h avant l&#8217;\u00e9v\u00e9nement ! Jours Heures Minutes Secondes informations visiteurs Trac\u00e9 public de Castles Rally 2025 Comme promis, vous trouverez ci-dessous une partie du trac\u00e9 de Castles Rally 2025 ! Cet itin\u00e9raire sera emprunt\u00e9 par les 75 GT &amp; Supercars le Dimanche &hellip; <\/p>\n<p class=\"link-more\"><a href=\"https:\/\/castles-rally.com\/en\/suivre-le-rallye\/\" class=\"more-link\">Continue reading<span class=\"screen-reader-text\"> &#8220;Suivre le rallye&#8221;<\/span><\/a><\/p>","protected":false},"author":1,"featured_media":12431,"parent":0,"menu_order":0,"comment_status":"closed","ping_status":"closed","template":"elementor_header_footer","meta":{"_acf_changed":false,"content-type":"","_exactmetrics_skip_tracking":false,"_exactmetrics_sitenote_active":false,"_exactmetrics_sitenote_note":"","_exactmetrics_sitenote_category":0,"footnotes":""},"class_list":["post-4864","page","type-page","status-publish","has-post-thumbnail","hentry"],"acf":[],"_links":{"self":[{"href":"https:\/\/castles-rally.com\/en\/wp-json\/wp\/v2\/pages\/4864","targetHints":{"allow":["GET"]}}],"collection":[{"href":"https:\/\/castles-rally.com\/en\/wp-json\/wp\/v2\/pages"}],"about":[{"href":"https:\/\/castles-rally.com\/en\/wp-json\/wp\/v2\/types\/page"}],"author":[{"embeddable":true,"href":"https:\/\/castles-rally.com\/en\/wp-json\/wp\/v2\/users\/1"}],"replies":[{"embeddable":true,"href":"https:\/\/castles-rally.com\/en\/wp-json\/wp\/v2\/comments?post=4864"}],"version-history":[{"count":10,"href":"https:\/\/castles-rally.com\/en\/wp-json\/wp\/v2\/pages\/4864\/revisions"}],"predecessor-version":[{"id":21023,"href":"https:\/\/castles-rally.com\/en\/wp-json\/wp\/v2\/pages\/4864\/revisions\/21023"}],"wp:featuredmedia":[{"embeddable":true,"href":"https:\/\/castles-rally.com\/en\/wp-json\/wp\/v2\/media\/12431"}],"wp:attachment":[{"href":"https:\/\/castles-rally.com\/en\/wp-json\/wp\/v2\/media?parent=4864"}],"curies":[{"name":"wp","href":"https:\/\/api.w.org\/{rel}","templated":true}]}}