{"id":14235,"date":"2022-06-01T18:59:21","date_gmt":"2022-06-01T16:59:21","guid":{"rendered":"https:\/\/castles-rally.com\/?page_id=14235"},"modified":"2023-04-22T00:36:40","modified_gmt":"2023-04-21T22:36:40","slug":"conditions-generales-de-vente","status":"publish","type":"page","link":"https:\/\/castles-rally.com\/en\/conditions-generales-de-vente\/","title":{"rendered":"Conditions g\u00e9n\u00e9rales de vente"},"content":{"rendered":"<div data-elementor-type=\"wp-post\" data-elementor-id=\"14235\" class=\"elementor elementor-14235\" data-elementor-post-type=\"page\">\n\t\t\t\t\t\t<section class=\"elementor-section elementor-top-section elementor-element elementor-element-0f94fa5 elementor-section-boxed elementor-section-height-default elementor-section-height-default\" data-id=\"0f94fa5\" data-element_type=\"section\" data-e-type=\"section\">\n\t\t\t\t\t\t<div class=\"elementor-container elementor-column-gap-default\">\n\t\t\t\t\t<div class=\"elementor-column elementor-col-100 elementor-top-column elementor-element elementor-element-f38aa06\" data-id=\"f38aa06\" data-element_type=\"column\" data-e-type=\"column\">\n\t\t\t<div class=\"elementor-widget-wrap elementor-element-populated\">\n\t\t\t\t\t\t<div class=\"elementor-element elementor-element-2b94d7a elementor-widget elementor-widget-heading\" data-id=\"2b94d7a\" data-element_type=\"widget\" data-e-type=\"widget\" data-widget_type=\"heading.default\">\n\t\t\t\t<div class=\"elementor-widget-container\">\n\t\t\t\t\t<h1 class=\"elementor-heading-title elementor-size-default\">Conditions g\u00e9n\u00e9rales de vente<\/h1>\t\t\t\t<\/div>\n\t\t\t\t<\/div>\n\t\t\t\t\t<\/div>\n\t\t<\/div>\n\t\t\t\t\t<\/div>\n\t\t<\/section>\n\t\t\t\t<section class=\"elementor-section elementor-top-section elementor-element elementor-element-77095427 elementor-section-boxed elementor-section-height-default elementor-section-height-default\" data-id=\"77095427\" data-element_type=\"section\" data-e-type=\"section\">\n\t\t\t\t\t\t<div class=\"elementor-container elementor-column-gap-default\">\n\t\t\t\t\t<div class=\"elementor-column elementor-col-100 elementor-top-column elementor-element elementor-element-5eed7d2b\" data-id=\"5eed7d2b\" data-element_type=\"column\" data-e-type=\"column\">\n\t\t\t<div class=\"elementor-widget-wrap elementor-element-populated\">\n\t\t\t\t\t\t<div class=\"elementor-element elementor-element-579334f3 elementor-widget elementor-widget-text-editor\" data-id=\"579334f3\" data-element_type=\"widget\" data-e-type=\"widget\" data-widget_type=\"text-editor.default\">\n\t\t\t\t<div class=\"elementor-widget-container\">\n\t\t\t\t\t\t\t\t\t<p><\/p>\n<p><span style=\"font-weight: 400;\">Les pr\u00e9sentes conditions g\u00e9n\u00e9rales de vente (ci-apr\u00e8s \u00ab <\/span><b>CGV \u00bb<\/b><span style=\"font-weight: 400;\">) s\u2019appliquent de plein droit et sans restriction \u00e0 toutes les commandes par un Acheteur sur le Site.\u00a0 Elles engagent l\u2019Acheteur envers Stradale Events, SAS au capital de 1 050 euros, dont le si\u00e8ge social est au 1 rue Guy Baillereau \u00e0 Saint-Cyr-sur-Loire (37540), immatricul\u00e9e au Registre du Commerce et des Soci\u00e9t\u00e9s de Tours sous le num\u00e9ro 910 700 350 (ci-apr\u00e8s\u00a0 \u00ab Stradale Events \u00bb).<\/span><\/p>\n<p><span style=\"font-weight: 400;\">Les pr\u00e9sentes CGV sont accessibles \u00e0 tout moment sur le site.<\/span><\/p>\n<p><span style=\"font-weight: 400;\">La commande\u00a0 implique une acceptation sans r\u00e9serve par l&#8217;acheteur des pr\u00e9sentes conditions de vente.<\/span><\/p>\n<p><span style=\"font-weight: 400;\">Ces conditions de vente pr\u00e9vaudront, le cas \u00e9ch\u00e9ant, sur toute autre version ou tout autre document contradictoire, conditions g\u00e9n\u00e9rales ou particuli\u00e8res, non express\u00e9ment accept\u00e9(e)s par Stradale Events. Stradales Events pourra modifier ses conditions de vente \u00e0 tout moment. Dans ce cas, les conditions applicables seront celles en vigueur \u00e0 la date de la commande par l&#8217;acheteur.<\/span><\/p>\n<p><b>1. Inscriptions<\/b><\/p>\n<p><span style=\"font-weight: 400;\">Pour participer au Castles Rally, le client doit pr\u00e9alablement faire une demande de participation sur le site internet\u00a0: https:\/\/castles-rally.com\/inscription\/<\/span><\/p>\n<p><span style=\"font-weight: 400;\">Apr\u00e8s avoir cr\u00e9\u00e9 son compte et rempli la demande de participation, celle-ci est v\u00e9rifi\u00e9e par l\u2019\u00e9quipe d\u2019organisation. Si celle-ci est accept\u00e9e, le client re\u00e7oit un mail contenant le book de pr\u00e9sentation de l\u2019\u00e9v\u00e9nement et il pourra ensuite proc\u00e9der \u00e0 son inscription.<\/span><\/p>\n<p><span style=\"font-weight: 400;\">Le client a ainsi 7 jours pour cl\u00f4turer son inscription, pass\u00e9 ce d\u00e9lai, celle-ci est remise \u00e0 la vente et le client devra refaire une demande.<\/span><\/p>\n<p><span style=\"font-weight: 400;\">L\u2019inscription est consid\u00e9r\u00e9e comme d\u00e9finitive une fois celle-ci valid\u00e9e. Lle client dispose d\u2019un d\u00e9lai de 10 jours pour effectuer le paiement. Si celui-ci n\u2019est pas effectu\u00e9 au bout de 10 jours, l\u2019inscription \u00e0 l\u2019\u00e9v\u00e9nement sera consid\u00e9r\u00e9e comme annul\u00e9e et le client devra s\u2019acquitter des frais d\u2019annulation pr\u00e9vus au paragraphe 4 des pr\u00e9sentes conditions.<\/span><\/p>\n<p><b>2.Tarifs<\/b><\/p>\n<p><span style=\"font-weight: 400;\">Nos tarifs comprennent les prestations indiqu\u00e9es lors de l\u2019inscription. Toutes d\u00e9penses suppl\u00e9mentaires seront \u00e0 la charge du participant. Les prix figurant sur le site internet ainsi que sur le book de pr\u00e9sentation sont entendus TTC et en euro, tenant compte de la TVA applicable au jour de la validation de la demande de participation. Tout changement de taux pourra \u00eatre r\u00e9percut\u00e9 sur le prix des services.<\/span><\/p>\n<p><b>3. Modalit\u00e9s de r\u00e8glement<\/b><\/p>\n<p><span style=\"font-weight: 400;\">Le paiement est exigible \u00e0 la commande. Le client dispose d\u2019un d\u00e9lai de 10 jours pour r\u00e9gler son inscription<\/span><\/p>\n<p><span style=\"font-weight: 400;\">Le paiement pourra \u00eatre effectu\u00e9 soit :<\/span><\/p>\n<ul>\n<li style=\"list-style-type: none;\">\n<ul>\n<li style=\"list-style-type: none;\">\n<ul>\n<li style=\"font-weight: 400;\" aria-level=\"1\"><span style=\"font-weight: 400;\"><span style=\"font-weight: 400;\">par carte bancaire :<\/span><\/span>\n<p>Les cartes bancaires suivantes sont accept\u00e9es sur le Site : Carte Bleue, Visa et Master Card. Les paiements par carte bancaire s\u2019effectuent par l\u2019interm\u00e9diaire de la plateforme de paiement s\u00e9curis\u00e9 MONETICO du Cr\u00e9dit Mutuel \/ CIC. L\u2019Acheteur doit alors renseigner le nom figurant sur la carte, sa date de validit\u00e9 et le cryptogramme visuel (CVV) figurant au dos de la carte bancaire. Il est pr\u00e9cis\u00e9 que le serveur de la banque CIC fait \u00e9galement l\u2019objet d\u2019une s\u00e9curisation par cryptage SSL (Secure Socket Layer) de mani\u00e8re \u00e0 prot\u00e9ger le plus efficacement toutes les donn\u00e9es li\u00e9es aux moyens de paiement et qu\u2019\u00e0 aucun moment les donn\u00e9es bancaires de l\u2019Acheteur ne transiteront sur le syst\u00e8me informatique de STRADALE EVENTS.<\/p>\n<p>L\u2019Acheteur garantit qu\u2019il est pleinement habilit\u00e9 \u00e0 utiliser la carte de paiement utilis\u00e9e, que cette derni\u00e8re est en cours de validit\u00e9 et donne acc\u00e8s \u00e0 des fonds suffisants pour couvrir l\u2019ensemble des co\u00fbts n\u00e9cessaires au r\u00e8glement de sa Commande.<\/p>\n<\/li>\n<li style=\"font-weight: 400;\" aria-level=\"1\"><span style=\"font-weight: 400;\">Par virement sur le compte de STRADALE EVENTS : <br \/><\/span>IBAN : FR76 3004 7142 4700 0208 8780 342 \/ BIC : CMCIFRPP<\/li>\n<\/ul>\n<\/li>\n<\/ul>\n<\/li>\n<\/ul>\n<p><span style=\"font-weight: 400;\">Le client pourra t\u00e9l\u00e9charger une facture en PDF faisant ressortir la TVA depuis son espace personnel.<\/span><\/p>\n<p><b>4. Annulation \/ Modification par l\u2019organisateur<\/b><\/p>\n<p><span style=\"font-weight: 400;\">STRADALE EVENTS se r\u00e9serve le droit d\u2019annuler l\u2019\u00e9v\u00e9nement pour cause d\u2019\u00e9v\u00e9nement impr\u00e9visible.<\/span><\/p>\n<p><span style=\"font-weight: 400;\">Dans la mesure du possible, une date diff\u00e9rente sera alors propos\u00e9e au participant.<\/span><\/p>\n<p><span style=\"font-weight: 400;\">Si celui-ci ne peut accepter la modification, les montants vers\u00e9s lui seront int\u00e9gralement rembours\u00e9s.<\/span><\/p>\n<p><span style=\"font-weight: 400;\">L\u2019organisateur se r\u00e9serve le droit de modifier le circuit ou les dates si cela lui est impos\u00e9 par d\u2019autres prestataires ou autres \u00e9v\u00e9nements impr\u00e9visibles.<\/span><\/p>\n<p><b style=\"font-size: 1rem;\">5. Annulation par le client<\/b><\/p>\n<p><span style=\"font-weight: 400;\">Conform\u00e9ment \u00e0 l\u2019article L.221-28-12 du code de la consommation,\u00a0<\/span><b>le droit de r\u00e9tractation ne peut \u00eatre exerc\u00e9<\/b><span style=\"font-weight: 400;\">.<\/span><span style=\"font-weight: 400;\"><br \/><\/span><span style=\"font-weight: 400;\">En cas d\u2019annulation, le client devra informer STRADALE EVENTS de sa d\u00e9cision par courrier ou mail. Selon la date d\u2019annulation, le client devra s\u2019acquitter des frais d\u2019annulation suivants : (le cachet de la poste ou la date de r\u00e9ception de l\u2019email faisant foi).<\/span><\/p>\n<p><span style=\"font-weight: 400;\">\u2013 Plus de 60 jours avant l\u2019\u00e9v\u00e9nement\u2026\u2026\u2026\u2026\u2026 25% du montant total<\/span><span style=\"font-weight: 400;\"><br \/><\/span><span style=\"font-weight: 400;\">\u2013 De 59 \u00e0 30 jours avant l\u2019\u00e9v\u00e9nement \u2026\u2026\u2026\u2026\u202650 % du montant total<\/span><span style=\"font-weight: 400;\"><br \/><\/span><span style=\"font-weight: 400;\">\u2013 Moins de 30 jours avant l\u2019\u00e9v\u00e9nement \u2026\u2026\u2026..100 % du montant total<\/span><\/p>\n<p>\u00a0<\/p>\n<p><span style=\"font-weight: 400;\">Toutefois, les frais de dossier d\u2019un montant de 50\u20ac HT ne seront pas rembours\u00e9s.<\/span><\/p>\n<p><b style=\"font-size: 1rem;\">6. Cession d\u2019un contrat<\/b><\/p>\n<p><span style=\"font-weight: 400;\">Le participant peut c\u00e9der son inscription jusqu\u2019\u00e0 72 heures avant le d\u00e9but de l\u2019\u00e9v\u00e9nement \u00e0 une personne qui remplit toutes les conditions requises pour effectuer l\u2019\u00e9v\u00e9nement et qui aura pr\u00e9alablement pr\u00e9venu STRADALE EVENTS et obtenu son accord.<\/span><\/p>\n<p><span style=\"font-weight: 400;\">Ce remplacement par un autre participant entra\u00eenera une facturation forfaitaire pour frais de dossier de 50 \u20ac HT. Le c\u00e9dant et le cessionnaire seront responsables solidairement du paiement du solde du prix.<\/span><\/p>\n<p><b>7. Obligations du participant<\/b><\/p>\n<ul>\n<li style=\"list-style-type: none;\">\n<ul>\n<li><span style=\"font-weight: 400;\">Le participant est totalement responsable de sa s\u00e9curit\u00e9 et de celle de l\u2019accompagnant.<\/span><\/li>\n<li><span style=\"font-weight: 400;\">Le participant devra respecter les r\u00e8gles et lois en vigueur dans le pays visit\u00e9.<\/span><\/li>\n<li><span style=\"font-weight: 400;\">En cas de transgression, il sera le seul responsable, notamment en cas d\u2019usage, de d\u00e9tention ou transport de stup\u00e9fiants, de m\u00eame qu\u2019en cas de d\u00e9passement du taux l\u00e9gal d\u2019alcool\u00e9mie.<\/span><\/li>\n<li><span style=\"font-weight: 400;\">Il s\u2019engage \u00e0 respecter les limites de vitesse et les r\u00e8gles de s\u00e9curit\u00e9 en vigueur.<\/span><\/li>\n<li><span style=\"font-weight: 400;\">Il devra \u00eatre habitu\u00e9 \u00e0 la pratique de son v\u00e9hicule et \u00eatre \u00e0 m\u00eame de piloter pendant une p\u00e9riode prolong\u00e9e.<\/span><\/li>\n<li><span style=\"font-weight: 400;\">Tout sticker, autocollant ou covering faisant la promotion de la soci\u00e9t\u00e9 du participant doit \u00eatre valid\u00e9 par Stradale Events. <\/span><\/li>\n<li><span style=\"font-weight: 400;\">Aucune communication commerciale non r\u00e9gie par un contrat de sponsoring entre STRADALE EVENTS et la soci\u00e9t\u00e9 mise en avant ne sera tol\u00e9r\u00e9e. <\/span><\/li>\n<li><span style=\"font-weight: 400;\">Le participant s\u2019engage \u00e0 se pr\u00e9senter au lieu de d\u00e9part de l\u2019\u00e9v\u00e9nement avec le v\u00e9hicule engag\u00e9 lors de l\u2019inscription.\u00a0<\/span><\/li>\n<\/ul>\n<\/li>\n<\/ul>\n<p><span style=\"font-weight: 400;\">Si l\u2019une des obligations n\u2019est pas respect\u00e9e, le participant peut se voir refuser l&#8217;acc\u00e8s \u00e0 l&#8217;\u00e9v\u00e9nement. Aucun remboursement ne sera possible.<\/span><\/p>\n<p><b>8. R\u00e9clamation<\/b><\/p>\n<p><span style=\"font-weight: 400;\">Toute r\u00e9clamation devra \u00eatre effectu\u00e9e par courrier recommand\u00e9 au plus tard 15 jours apr\u00e8s le retour du voyage accompagn\u00e9 imp\u00e9rativement du rapport d\u2019incident d\u00e9livr\u00e9 par le prestataire de services local. Il est pr\u00e9cis\u00e9 que toute r\u00e9clamation formul\u00e9e soit par t\u00e9l\u00e9copie, t\u00e9l\u00e9phone, courrier simple, E-mail, ou autre moyen, soit formul\u00e9e hors d\u00e9lai, soit non formul\u00e9e aupr\u00e8s du ou des prestataires concern\u00e9s s\u2019il y a lieu, ne pourra \u00eatre prise en compte.<\/span><span style=\"font-weight: 400;\"><br \/><\/span><span style=\"font-weight: 400;\">En cas de litige le demandeur peut saisir, soit l\u2019une des juridictions territorialement comp\u00e9tentes en vertu du code de proc\u00e9dure civile, soit la juridiction du lieu o\u00f9 il demeurait au moment de la conclusion du contrat.<\/span><span style=\"font-weight: 400;\"><br \/><\/span><span style=\"font-weight: 400;\">Pass\u00e9 ce d\u00e9lai, aucune r\u00e9clamation ne sera prise en consid\u00e9ration. Nous tenterons au maximum de r\u00e9gler \u00e0 l\u2019amiable les litiges \u00e9ventuels. STRADALE EVENTS a souscrit un contrat d\u2019assurance responsabilit\u00e9 civile professionnelle aupr\u00e8s d\u2019Axa.<\/span><\/p>\n<p><b>9. Formalit\u00e9s administratives<\/b><\/p>\n<p><span style=\"font-weight: 400;\">Le participant devra pr\u00e9senter les documents suivants le jour de l&#8217;\u00e9v\u00e9nement :<\/span><\/p>\n<ul>\n<li style=\"list-style-type: none;\">\n<ul>\n<li style=\"list-style-type: none;\">\n<ul>\n<li style=\"font-weight: 400;\" aria-level=\"1\"><span style=\"font-weight: 400;\">Un permis de conduire valide<\/span><\/li>\n<li style=\"font-weight: 400;\" aria-level=\"1\"><span style=\"font-weight: 400;\">Carte grise du v\u00e9hicule, et s\u2019il n\u2019en est pas propri\u00e9taire une autorisation sign\u00e9e du propri\u00e9taire ou loueur<\/span><\/li>\n<li style=\"font-weight: 400;\" aria-level=\"1\"><span style=\"font-weight: 400;\">Attestation d\u2019assurance (carte verte)<\/span><\/li>\n<li style=\"font-weight: 400;\" aria-level=\"1\"><span style=\"font-weight: 400;\">R\u00e8glement de course sign\u00e9<\/span><\/li>\n<li style=\"font-weight: 400;\" aria-level=\"1\"><span style=\"font-weight: 400;\">Autorisation de droit \u00e0 l\u2019image\u00a0<\/span><\/li>\n<\/ul>\n<\/li>\n<\/ul>\n<\/li>\n<\/ul>\n<p><b>10.Divers<\/b><\/p>\n<p><span style=\"font-weight: 400;\">En cas de panne m\u00e9canique, ou d\u2019accident, le participant devra g\u00e9rer le probl\u00e8me avec sa propre assurance auto, STRADALE EVENTS ne propose pas d\u2019assistance m\u00e9canique.<\/span><span style=\"font-weight: 400;\"><br \/><\/span><span style=\"font-weight: 400;\">Les \u00e9tapes pourront \u00eatre modifi\u00e9es pour des motifs imp\u00e9ratifs.<\/span><\/p>\n<p><b>11. Informations nominatives<\/b><\/p>\n<p><span style=\"font-weight: 400;\">Lors de votre commande, les donn\u00e9es nominatives collect\u00e9es feront l&#8217;objet d&#8217;un traitement informatique. Vous \u00eates invit\u00e9 \u00e0 vous reporter \u00e0 l&#8217;onglet <\/span><a href=\"https:\/\/www.laredoute.fr\/espace-mentions_legales.aspx\" target=\"_blank\" rel=\"noopener\"><span style=\"font-weight: 400;\">&#8220;Donn\u00e9es Personnelles&#8221;<\/span><\/a><span style=\"font-weight: 400;\"> du Site Internet pour obtenir toutes les informations relatives \u00e0 ce point.<\/span><\/p>\n<p><b>12.<\/b><b>Loi applicable et comp\u00e9tence juridictionnelle<\/b><\/p>\n<p><span style=\"font-weight: 400;\">Les Conditions G\u00e9n\u00e9rales sont soumises \u00e0 la loi fran\u00e7aise. Le tribunal comp\u00e9tent en cas de litige sera celui de Tours.<\/span><\/p>\n<p><span style=\"font-weight: 400;\">Le Site Internet est conforme \u00e0 la l\u00e9gislation fran\u00e7aise, et en aucun cas, Stradale Events ne donne de garantie de conformit\u00e9 \u00e0 la l\u00e9gislation locale qui vous serait applicable, d\u00e8s lors que vous acc\u00e9dez au Site Internet \u00e0 partir d&#8217;autres pays.<\/span><\/p>\n<p><\/p>\t\t\t\t\t\t\t\t<\/div>\n\t\t\t\t<\/div>\n\t\t\t\t\t<\/div>\n\t\t<\/div>\n\t\t\t\t\t<\/div>\n\t\t<\/section>\n\t\t\t\t<\/div>","protected":false},"excerpt":{"rendered":"<p>Conditions g\u00e9n\u00e9rales de vente Les pr\u00e9sentes conditions g\u00e9n\u00e9rales de vente (ci-apr\u00e8s \u00ab CGV \u00bb) s\u2019appliquent de plein droit et sans restriction \u00e0 toutes les commandes par un Acheteur sur le Site.\u00a0 Elles engagent l\u2019Acheteur envers Stradale Events, SAS au capital de 1 050 euros, dont le si\u00e8ge social est au 1 rue Guy Baillereau \u00e0 &hellip; <\/p>\n<p class=\"link-more\"><a href=\"https:\/\/castles-rally.com\/en\/conditions-generales-de-vente\/\" class=\"more-link\">Continue reading<span class=\"screen-reader-text\"> &#8220;Conditions g\u00e9n\u00e9rales de vente&#8221;<\/span><\/a><\/p>","protected":false},"author":1,"featured_media":5896,"parent":0,"menu_order":0,"comment_status":"closed","ping_status":"open","template":"elementor_header_footer","meta":{"_acf_changed":false,"content-type":"","_exactmetrics_skip_tracking":false,"_exactmetrics_sitenote_active":false,"_exactmetrics_sitenote_note":"","_exactmetrics_sitenote_category":0,"footnotes":""},"class_list":["post-14235","page","type-page","status-publish","has-post-thumbnail","hentry"],"acf":[],"_links":{"self":[{"href":"https:\/\/castles-rally.com\/en\/wp-json\/wp\/v2\/pages\/14235","targetHints":{"allow":["GET"]}}],"collection":[{"href":"https:\/\/castles-rally.com\/en\/wp-json\/wp\/v2\/pages"}],"about":[{"href":"https:\/\/castles-rally.com\/en\/wp-json\/wp\/v2\/types\/page"}],"author":[{"embeddable":true,"href":"https:\/\/castles-rally.com\/en\/wp-json\/wp\/v2\/users\/1"}],"replies":[{"embeddable":true,"href":"https:\/\/castles-rally.com\/en\/wp-json\/wp\/v2\/comments?post=14235"}],"version-history":[{"count":0,"href":"https:\/\/castles-rally.com\/en\/wp-json\/wp\/v2\/pages\/14235\/revisions"}],"wp:featuredmedia":[{"embeddable":true,"href":"https:\/\/castles-rally.com\/en\/wp-json\/wp\/v2\/media\/5896"}],"wp:attachment":[{"href":"https:\/\/castles-rally.com\/en\/wp-json\/wp\/v2\/media?parent=14235"}],"curies":[{"name":"wp","href":"https:\/\/api.w.org\/{rel}","templated":true}]}}